{"id":30,"date":"2021-05-14T10:07:48","date_gmt":"2021-05-14T10:07:48","guid":{"rendered":"http:\/\/teszt.dioscamping.hu\/?page_id=30"},"modified":"2023-08-15T13:38:45","modified_gmt":"2023-08-15T13:38:45","slug":"impresszum","status":"publish","type":"page","link":"https:\/\/dioscamping.hu\/en\/impresszum\/","title":{"rendered":"IMPRESSZUM"},"content":{"rendered":"<p>[et_pb_section fb_built=&#8221;1&#8243; _builder_version=&#8221;4.9.6&#8243; _module_preset=&#8221;default&#8221; global_colors_info=&#8221;{%22gcid-b50ddc8d-3398-40e3-bd27-764d851ca951%22:%91%22background_color%22%93}&#8221; background_color=&#8221;gcid-b50ddc8d-3398-40e3-bd27-764d851ca951&#8243; hover_enabled=&#8221;0&#8243; sticky_enabled=&#8221;0&#8243; custom_margin=&#8221;-55px||||false|false&#8221; custom_padding=&#8221;||0px||false|false&#8221;][et_pb_row _builder_version=&#8221;4.9.4&#8243; custom_margin=&#8221;||||false|false&#8221; custom_padding=&#8221;||0px||false|false&#8221;][et_pb_column type=&#8221;4_4&#8243; _builder_version=&#8221;4.9.4&#8243;][et_pb_text _builder_version=&#8221;4.9.6&#8243; text_font=&#8221;|700|||||||&#8221; header_font=&#8221;|600|||||||&#8221; header_text_align=&#8221;center&#8221; header_text_color=&#8221;#FFFFFF&#8221; text_orientation=&#8221;center&#8221; custom_margin=&#8221;||6vh||false|false&#8221; hover_enabled=&#8221;0&#8243; sticky_enabled=&#8221;0&#8243;]<\/p>\n<h1>Impresszum<\/h1>\n<p>[\/et_pb_text][\/et_pb_column][\/et_pb_row][et_pb_row _builder_version=&#8221;4.9.6&#8243; custom_margin=&#8221;||||false|false&#8221; custom_padding=&#8221;30px|30px|30px|30px|true|true&#8221; hover_enabled=&#8221;0&#8243; column_structure=&#8221;1_2,1_2&#8243; sticky_enabled=&#8221;0&#8243; border_radii=&#8221;on|50px|50px|50px|50px&#8221; use_custom_gutter=&#8221;on&#8221; width=&#8221;85%&#8221; max_width=&#8221;85%&#8221; background_enable_color=&#8221;off&#8221;][et_pb_column type=&#8221;1_2&#8243; _builder_version=&#8221;4.9.6&#8243; hover_enabled=&#8221;0&#8243; background_color=&#8221;#FFFFFF&#8221; custom_padding=&#8221;30px|30px|30px|30px|true|true&#8221; border_radii=&#8221;on|50px|50px|50px|50px&#8221; sticky_enabled=&#8221;0&#8243;][et_pb_text _builder_version=&#8221;4.9.6&#8243; _module_preset=&#8221;default&#8221; global_colors_info=&#8221;{%22gcid-b50ddc8d-3398-40e3-bd27-764d851ca951%22:%91%22header_3_text_color%22%93}&#8221; header_3_text_color=&#8221;gcid-b50ddc8d-3398-40e3-bd27-764d851ca951&#8243; hover_enabled=&#8221;0&#8243; sticky_enabled=&#8221;0&#8243;]<\/p>\n<p><strong>A honlap fenntart\u00f3ja:<\/strong><\/p>\n<p>C\u00e9gn\u00e9v: T\u00f3th Istv\u00e1n egy\u00e9ni v\u00e1llalkoz\u00f3<br \/>Sz\u00e9khely: 8624 Balatonsz\u00e1rsz\u00f3 022\/5 hrsz.<br \/>Ad\u00f3sz\u00e1m: 73759487-2-34<br \/>Nyilv\u00e1ntart\u00e1si sz\u00e1m: <span class=\"ng-binding\">5508053<\/span><\/p>\n<p>Lev\u00e9lc\u00edm: 8624 Balatonsz\u00e1rsz\u00f3 Sz\u00e9chenyi utca 27\/4<br \/>Telefon: <a href=\"tel:+36-30-946-0173\">+36309460173<\/a><br \/>Email:<span>\u00a0<\/span><a href=\"mailto:info@dioscamping.hu\"><span id=\"cloak8f7e83edc2fd80d9c8fd51a4a8296232\">info@dioscamping.hu<\/span><\/a><br \/>Internet: <a href=\"https:\/\/dioscamping.hu\/en\">https:\/\/dioscamping.hu\/en<\/a><\/p>\n<p>[\/et_pb_text][\/et_pb_column][et_pb_column type=&#8221;1_2&#8243; _builder_version=&#8221;4.9.4&#8243; background_color=&#8221;#FFFFFF&#8221; custom_padding=&#8221;30px|30px|30px|30px|true|true&#8221; border_radii=&#8221;on|50px|50px|50px|50px&#8221;][et_pb_text _builder_version=&#8221;4.9.6&#8243; _module_preset=&#8221;default&#8221; global_colors_info=&#8221;{%22gcid-b50ddc8d-3398-40e3-bd27-764d851ca951%22:%91%22header_3_text_color%22%93}&#8221; header_3_text_color=&#8221;gcid-b50ddc8d-3398-40e3-bd27-764d851ca951&#8243; hover_enabled=&#8221;0&#8243; sticky_enabled=&#8221;0&#8243;]<\/p>\n<p><strong>T\u00e1rhelyszolg\u00e1ltat\u00f3:<\/strong><\/p>\n<p><strong>C\u00e9gn\u00e9v:<\/strong><span>\u00a0<\/span>Magyar Hosting Kft.<\/p>\n<p><strong>Sz\u00e9khely:<\/strong><span>\u00a0<\/span>1132 Budapest, Victor Hugo utca 18-22.<\/p>\n<p><strong>Ad\u00f3sz\u00e1m:<\/strong><span>\u00a0<\/span>23495919-2-41<\/p>\n<p><strong>EU-s k\u00f6z\u00f6ss\u00e9gi ad\u00f3sz\u00e1m:<\/strong><span>\u00a0<\/span>HU23495919<\/p>\n<p><strong>C\u00e9gjegyz\u00e9ksz\u00e1m:<\/strong><span>\u00a0<\/span>01-09-968314<\/p>\n<p><strong>Telefon:<\/strong><span>\u00a0<\/span><a href=\"tel:06-1-700-2323\">+36 1 700 2323<\/a><\/p>\n<p><strong>\u00dcgyf\u00e9lszolg\u00e1lat:<\/strong><span>\u00a0<\/span>h\u00e9tf\u0151t\u0151l p\u00e9ntekig (munkanapokon) 07:00-19:00<\/p>\n<p><strong>FAX:<\/strong><span>\u00a0<\/span>+36 1 700 2254<\/p>\n<p><strong>Email:<\/strong><span>\u00a0<\/span><a href=\"mailto:info@mhosting.hu\">info@mhosting.hu<\/a><\/p>\n<p>[\/et_pb_text][\/et_pb_column][\/et_pb_row][et_pb_row _builder_version=&#8221;4.9.6&#8243; _module_preset=&#8221;default&#8221;][et_pb_column _builder_version=&#8221;4.9.6&#8243; _module_preset=&#8221;default&#8221; type=&#8221;4_4&#8243;][\/et_pb_column][\/et_pb_row][et_pb_row _builder_version=&#8221;4.9.6&#8243; _module_preset=&#8221;default&#8221; custom_margin=&#8221;||-2px||false|false&#8221; custom_padding=&#8221;0px||0px||false|false&#8221; width=&#8221;100%&#8221; max_width=&#8221;100%&#8221; hover_enabled=&#8221;0&#8243; sticky_enabled=&#8221;0&#8243;][et_pb_column _builder_version=&#8221;4.9.6&#8243; _module_preset=&#8221;default&#8221; type=&#8221;4_4&#8243;][et_pb_image src=&#8221;https:\/\/dioscamping.hu\/en\/wp-content\/uploads\/2021\/05\/separator_five.png&#8221; _builder_version=&#8221;4.9.6&#8243; _module_preset=&#8221;default&#8221; title_text=&#8221;separator_five&#8221; custom_padding=&#8221;0px||0px||false|false&#8221; custom_margin=&#8221;||-2px||false|false&#8221; hover_enabled=&#8221;0&#8243; sticky_enabled=&#8221;0&#8243;][\/et_pb_image][\/et_pb_column][\/et_pb_row][\/et_pb_section][et_pb_section fb_built=&#8221;1&#8243; _builder_version=&#8221;4.9.4&#8243; custom_padding=&#8221;||0px||false|false&#8221; top_divider_style_tablet=&#8221;&#8221; top_divider_style_phone=&#8221;none&#8221; top_divider_style_last_edited=&#8221;on|phone&#8221;][et_pb_row _builder_version=&#8221;4.9.4&#8243; custom_margin=&#8221;||||false|false&#8221; custom_padding=&#8221;||0px||false|false&#8221;][et_pb_column type=&#8221;4_4&#8243; _builder_version=&#8221;4.9.4&#8243;][et_pb_text _builder_version=&#8221;4.9.4&#8243; text_font=&#8221;|700|||||||&#8221; header_font=&#8221;|600|||||||&#8221; header_text_align=&#8221;center&#8221; header_text_color=&#8221;#4F4F4F&#8221; text_orientation=&#8221;center&#8221; custom_margin=&#8221;-2vh||||false|false&#8221;]<\/p>\n<h1>Kapcsolat<\/h1>\n<p>[\/et_pb_text][\/et_pb_column][\/et_pb_row][et_pb_row column_structure=&#8221;1_2,1_2&#8243; _builder_version=&#8221;4.9.4&#8243; width=&#8221;85%&#8221; max_width=&#8221;85%&#8221; custom_padding=&#8221;0px||0px||false|false&#8221;][et_pb_column type=&#8221;1_2&#8243; _builder_version=&#8221;4.9.4&#8243;][et_pb_image src=&#8221;https:\/\/dioscamping.hu\/en\/wp-content\/uploads\/2021\/05\/erdeklodes.png&#8221; title_text=&#8221;erdeklodes&#8221; align=&#8221;center&#8221; _builder_version=&#8221;4.9.4&#8243; transform_translate=&#8221;0px|11vh&#8221; transform_translate_linked=&#8221;off&#8221; position_origin_a=&#8221;top_center&#8221; vertical_offset=&#8221;35px&#8221; z_index=&#8221;500&#8243; width=&#8221;15%&#8221; width_tablet=&#8221;&#8221; width_phone=&#8221;30%&#8221; width_last_edited=&#8221;on|phone&#8221; max_width=&#8221;15%&#8221; max_width_tablet=&#8221;&#8221; max_width_phone=&#8221;30%&#8221; max_width_last_edited=&#8221;on|phone&#8221; module_alignment=&#8221;center&#8221; custom_margin=&#8221;||||false|false&#8221; custom_padding=&#8221;0px||0px||false|false&#8221;][\/et_pb_image][et_pb_text _builder_version=&#8221;4.4.3&#8243; text_text_color=&#8221;#4F4F4F&#8221; text_font_size=&#8221;16px&#8221; link_text_color=&#8221;#FFFFFF&#8221; header_3_text_color=&#8221;#4F4F4F&#8221; background_color=&#8221;#FFD100&#8243; custom_margin=&#8221;0px||||false|false&#8221; custom_padding=&#8221;30px|50px|30px|50px|true|true&#8221; border_radii=&#8221;on|50px|50px|50px|50px&#8221;]<\/p>\n<h3 style=\"text-align: center;\"><strong><\/strong><\/h3>\n<p><strong><\/strong><\/p>\n<p><strong><\/strong><\/p>\n<p><strong><\/strong><\/p>\n<h3 style=\"text-align: center;\"><strong>Nyitvatart\u00e1s<\/strong><\/h3>\n<p><strong><\/strong><\/p>\n<p><strong>Teljes nyitva tart\u00e1s:\u00a0<\/strong><br \/>2020 j\u00fan. 1-t\u0151l &#8211; szept. 6-ig<\/p>\n<p><strong>Recepci\u00f3:\u00a0<\/strong><br \/>Minden nap (amikor nyitva vagyunk) 8:00 &#8211; 21:00 -ig<\/p>\n<p>&nbsp;<\/p>\n<h3 style=\"text-align: center;\"><strong>El\u00e9rhet\u0151s\u00e9gek<\/strong><\/h3>\n<p><strong><\/strong><\/p>\n<p><strong><\/strong><\/p>\n<p><strong>C\u00edm:<\/strong> <a href=\"https:\/\/www.google.com\/maps\/place\/Di%C3%B3s+Camping\/@46.8442176,17.8640863,17z\/data=!3m1!4b1!4m5!3m4!1s0x4769ba16cb78e415:0xab5767c99ffab264!8m2!3d46.844214!4d17.866275\" target=\"_blank\" rel=\"noopener\">8623 Balatonf\u00f6ldv\u00e1r Mikes Kelemen u. 1.<\/a><\/p>\n<p><strong>Telefon:<\/strong> <a href=\"tel:+36-84-340-124\"><span>+36 84 340 124<\/span><\/a><\/p>\n<p><strong>Mobil:<\/strong> <a href=\"tel:+36-30-946-0173\">+36 30 946 0173<\/a><\/p>\n<p><strong>E-mail:<\/strong> <a href=\"mailto:info@dioscamping.hu\">info@dioscamping.hu<\/a><\/p>\n<p><strong>GPS koordin\u00e1t\u00e1k:<\/strong> <a href=\"https:\/\/www.google.com\/maps\/place\/Di%C3%B3s+Camping\/@46.8442176,17.8640863,17z\/data=!3m1!4b1!4m5!3m4!1s0x4769ba16cb78e415:0xab5767c99ffab264!8m2!3d46.844214!4d17.866275\" target=\"_blank\" rel=\"noopener\"><span>17\u00b051\u201958\u201dK-46\u00b050\u201937\u201d\u00c9<\/span><\/a><\/p>\n<p>[\/et_pb_text][\/et_pb_column][et_pb_column type=&#8221;1_2&#8243; _builder_version=&#8221;4.9.4&#8243;][et_pb_image src=&#8221;https:\/\/dioscamping.hu\/en\/wp-content\/uploads\/2021\/05\/nyitvatartas.png&#8221; title_text=&#8221;nyitvatartas&#8221; align=&#8221;center&#8221; _builder_version=&#8221;4.9.4&#8243; transform_translate=&#8221;0px|11vh&#8221; transform_translate_linked=&#8221;off&#8221; position_origin_a=&#8221;top_center&#8221; vertical_offset=&#8221;35px&#8221; z_index=&#8221;500&#8243; width=&#8221;15%&#8221; width_tablet=&#8221;&#8221; width_phone=&#8221;30%&#8221; width_last_edited=&#8221;on|phone&#8221; max_width=&#8221;15%&#8221; max_width_tablet=&#8221;&#8221; max_width_phone=&#8221;30%&#8221; max_width_last_edited=&#8221;on|phone&#8221; module_alignment=&#8221;center&#8221; custom_margin=&#8221;||||false|false&#8221; custom_padding=&#8221;0px||0px||false|false&#8221;][\/et_pb_image][et_pb_code _builder_version=&#8221;4.9.4&#8243; background_color=&#8221;#FFD100&#8243; border_radii=&#8221;on|30px|30px|30px|30px&#8221; border_color_all=&#8221;RGBA(0,0,0,0)&#8221;]<\/p>\n<h3 id=\"extra-h3\" >\u00cdrjon Nek\u00fcnk!<\/h3>\n<p><!-- [et_pb_line_break_holder] --><div role=\"form\" class=\"wpcf7\" id=\"wpcf7-f326-o1\" lang=\"hu-HU\" dir=\"ltr\">\n<div class=\"screen-reader-response\"><p role=\"status\" aria-live=\"polite\" aria-atomic=\"true\"><\/p> <ul><\/ul><\/div>\n<form action=\"\/en\/wp-json\/wp\/v2\/pages\/30#wpcf7-f326-o1\" method=\"post\" class=\"wpcf7-form init\" novalidate=\"novalidate\" data-status=\"init\">\n<div style=\"display: none;\">\n<input type=\"hidden\" name=\"_wpcf7\" value=\"326\" \/>\n<input type=\"hidden\" name=\"_wpcf7_version\" value=\"5.5.6.1\" \/>\n<input type=\"hidden\" name=\"_wpcf7_locale\" value=\"hu_HU\" \/>\n<input type=\"hidden\" name=\"_wpcf7_unit_tag\" value=\"wpcf7-f326-o1\" \/>\n<input type=\"hidden\" name=\"_wpcf7_container_post\" value=\"0\" \/>\n<input type=\"hidden\" name=\"_wpcf7_posted_data_hash\" value=\"\" \/>\n<input type=\"hidden\" name=\"_wpcf7_recaptcha_response\" value=\"\" \/>\n<\/div>\n<p><label> Name<br \/>\n    <span class=\"wpcf7-form-control-wrap your-name\"><input type=\"text\" name=\"your-name\" value=\"\" size=\"40\" class=\"wpcf7-form-control wpcf7-text wpcf7-validates-as-required\" aria-required=\"true\" aria-invalid=\"false\" \/><\/span> <\/label><\/p>\n<p><label> E-mail address<br \/>\n    <span class=\"wpcf7-form-control-wrap your-email\"><input type=\"email\" name=\"your-email\" value=\"\" size=\"40\" class=\"wpcf7-form-control wpcf7-text wpcf7-email wpcf7-validates-as-required wpcf7-validates-as-email\" aria-required=\"true\" aria-invalid=\"false\" \/><\/span> <\/label><\/p>\n<p><label> Message<br \/>\n    <span class=\"wpcf7-form-control-wrap your-message\"><textarea name=\"your-message\" cols=\"40\" rows=\"10\" class=\"wpcf7-form-control wpcf7-textarea\" aria-invalid=\"false\"><\/textarea><\/span> <\/label><\/p>\n<p><input type=\"submit\" value=\"Submit\" class=\"wpcf7-form-control has-spinner wpcf7-submit\" \/><\/p>\n<div class=\"wpcf7-response-output\" aria-hidden=\"true\"><\/div><\/form><\/div>[\/et_pb_code][\/et_pb_column][\/et_pb_row][et_pb_row use_custom_gutter=&#8221;on&#8221; gutter_width=&#8221;1&#8243; _builder_version=&#8221;4.9.4&#8243; background_enable_image=&#8221;off&#8221; width=&#8221;100%&#8221; max_width=&#8221;100%&#8221; module_alignment=&#8221;center&#8221; custom_margin=&#8221;0px||0px||false|false&#8221; custom_margin_tablet=&#8221;&#8221; custom_margin_phone=&#8221;||0px||false|false&#8221; custom_margin_last_edited=&#8221;on|phone&#8221; custom_padding=&#8221;0px||0px||false|false&#8221;][et_pb_column type=&#8221;4_4&#8243; _builder_version=&#8221;4.9.4&#8243;][et_pb_image src=&#8221;https:\/\/dioscamping.hu\/en\/wp-content\/uploads\/2021\/05\/separator_four.png&#8221; title_text=&#8221;separator_four&#8221; _builder_version=&#8221;4.9.6&#8243; _module_preset=&#8221;default&#8221; custom_margin=&#8221;||-2px||false|false&#8221; custom_padding=&#8221;8vh||||false|false&#8221; hover_enabled=&#8221;0&#8243; positioning=&#8221;relative&#8221; z_index=&#8221;-500&#8243; sticky_enabled=&#8221;0&#8243;][\/et_pb_image][et_pb_image src=&#8221;https:\/\/dioscamping.hu\/en\/wp-content\/uploads\/2021\/06\/infoblokk_kedv_final_CMYK_ERFA.png&#8221; title_text=&#8221;infoblokk_kedv_final_CMYK_ERFA&#8221; align=&#8221;right&#8221; _builder_version=&#8221;4.9.6&#8243; _module_preset=&#8221;default&#8221; transform_translate_linked=&#8221;off&#8221; positioning=&#8221;fixed&#8221; position_origin_a=&#8221;bottom_right&#8221; position_origin_f=&#8221;bottom_right&#8221; position_origin_r=&#8221;bottom_right&#8221; z_index=&#8221;40000&#8243; width=&#8221;40%&#8221; max_width=&#8221;40%&#8221; hover_enabled=&#8221;0&#8243; url=&#8221;https:\/\/dioscamping.hu\/en\/szechenyi2020&#8243; sticky_enabled=&#8221;0&#8243; global_module=&#8221;833&#8243; saved_tabs=&#8221;all&#8221;][\/et_pb_image][\/et_pb_column][\/et_pb_row][\/et_pb_section]<\/p>\n","protected":false},"excerpt":{"rendered":"<p>[et_pb_section fb_built=&#8221;1&#8243; _builder_version=&#8221;4.9.6&#8243; _module_preset=&#8221;default&#8221; global_colors_info=&#8221;{%22gcid-b50ddc8d-3398-40e3-bd27-764d851ca951%22:%91%22background_color%22%93}&#8221; background_color=&#8221;gcid-b50ddc8d-3398-40e3-bd27-764d851ca951&#8243; hover_enabled=&#8221;0&#8243; sticky_enabled=&#8221;0&#8243; custom_margin=&#8221;-55px||||false|false&#8221; custom_padding=&#8221;||0px||false|false&#8221;][et_pb_row _builder_version=&#8221;4.9.4&#8243; custom_margin=&#8221;||||false|false&#8221; custom_padding=&#8221;||0px||false|false&#8221;][et_pb_column type=&#8221;4_4&#8243; _builder_version=&#8221;4.9.4&#8243;][et_pb_text _builder_version=&#8221;4.9.6&#8243; text_font=&#8221;|700|||||||&#8221; header_font=&#8221;|600|||||||&#8221; header_text_align=&#8221;center&#8221; header_text_color=&#8221;#FFFFFF&#8221; text_orientation=&#8221;center&#8221; custom_margin=&#8221;||6vh||false|false&#8221; hover_enabled=&#8221;0&#8243; sticky_enabled=&#8221;0&#8243;] Impresszum [\/et_pb_text][\/et_pb_column][\/et_pb_row][et_pb_row _builder_version=&#8221;4.9.6&#8243; custom_margin=&#8221;||||false|false&#8221; custom_padding=&#8221;30px|30px|30px|30px|true|true&#8221; hover_enabled=&#8221;0&#8243; column_structure=&#8221;1_2,1_2&#8243; sticky_enabled=&#8221;0&#8243; border_radii=&#8221;on|50px|50px|50px|50px&#8221; use_custom_gutter=&#8221;on&#8221; width=&#8221;85%&#8221; max_width=&#8221;85%&#8221; background_enable_color=&#8221;off&#8221;][et_pb_column type=&#8221;1_2&#8243; _builder_version=&#8221;4.9.6&#8243; hover_enabled=&#8221;0&#8243; background_color=&#8221;#FFFFFF&#8221; custom_padding=&#8221;30px|30px|30px|30px|true|true&#8221; border_radii=&#8221;on|50px|50px|50px|50px&#8221; sticky_enabled=&#8221;0&#8243;][et_pb_text _builder_version=&#8221;4.9.6&#8243; _module_preset=&#8221;default&#8221; global_colors_info=&#8221;{%22gcid-b50ddc8d-3398-40e3-bd27-764d851ca951%22:%91%22header_3_text_color%22%93}&#8221; header_3_text_color=&#8221;gcid-b50ddc8d-3398-40e3-bd27-764d851ca951&#8243; hover_enabled=&#8221;0&#8243; sticky_enabled=&#8221;0&#8243;] A honlap fenntart\u00f3ja: C\u00e9gn\u00e9v: T\u00f3th [&hellip;]<\/p>\n","protected":false},"author":1,"featured_media":0,"parent":0,"menu_order":0,"comment_status":"closed","ping_status":"closed","template":"","meta":{"_et_pb_use_builder":"on","_et_pb_old_content":"","_et_gb_content_width":"","footnotes":""},"class_list":["post-30","page","type-page","status-publish","hentry"],"_links":{"self":[{"href":"https:\/\/dioscamping.hu\/en\/wp-json\/wp\/v2\/pages\/30","targetHints":{"allow":["GET"]}}],"collection":[{"href":"https:\/\/dioscamping.hu\/en\/wp-json\/wp\/v2\/pages"}],"about":[{"href":"https:\/\/dioscamping.hu\/en\/wp-json\/wp\/v2\/types\/page"}],"author":[{"embeddable":true,"href":"https:\/\/dioscamping.hu\/en\/wp-json\/wp\/v2\/users\/1"}],"replies":[{"embeddable":true,"href":"https:\/\/dioscamping.hu\/en\/wp-json\/wp\/v2\/comments?post=30"}],"version-history":[{"count":5,"href":"https:\/\/dioscamping.hu\/en\/wp-json\/wp\/v2\/pages\/30\/revisions"}],"predecessor-version":[{"id":836,"href":"https:\/\/dioscamping.hu\/en\/wp-json\/wp\/v2\/pages\/30\/revisions\/836"}],"wp:attachment":[{"href":"https:\/\/dioscamping.hu\/en\/wp-json\/wp\/v2\/media?parent=30"}],"curies":[{"name":"wp","href":"https:\/\/api.w.org\/{rel}","templated":true}]}}